{"id":56,"date":"2024-07-04T12:19:10","date_gmt":"2024-07-04T10:19:10","guid":{"rendered":"https:\/\/archersdusoleilfrontignan.fr\/cms\/?page_id=56"},"modified":"2025-10-20T13:51:12","modified_gmt":"2025-10-20T11:51:12","slug":"reglement-interieur","status":"publish","type":"page","link":"https:\/\/archersdusoleilfrontignan.fr\/cms\/informations\/reglement-interieur\/","title":{"rendered":"R\u00c8GLEMENT INT\u00c9RIEUR"},"content":{"rendered":"<p><img loading=\"lazy\" decoding=\"async\" class=\"alignnone size-full wp-image-475\" src=\"https:\/\/archersdusoleilfrontignan.fr\/cms\/wp-content\/uploads\/titreReglement.png\" alt=\"\" width=\"284\" height=\"60\" \/><\/p>\n<hr \/>\n<p><strong>R\u00c8GLEMENT INT\u00c9RIEUR<\/strong><\/p>\n<p><strong>PR\u00c9AMBULE<\/strong><\/p>\n<p>Chaque membre prenant une licence dans notre club est tenu de respecter notre r\u00e8glement int\u00e9rieur.<\/p>\n<p><strong>1. G\u00c9N\u00c9RALIT\u00c9S<\/strong><\/p>\n<p>Le r\u00e8glement int\u00e9rieur pr\u00e9cise les points particuliers de fonctionnement et de discipline que les<br \/>\nadh\u00e9rents doivent accepter sans restriction en compl\u00e9ment des statuts de l\u2019association, de la ffta et des associations loi 1901.<\/p>\n<p><strong>2. ADMISSION AU CLUB <\/strong><\/p>\n<p><strong>LICENCE<\/strong><br \/>\nElle est obligatoire. Elle est \u00e0 prendre d\u00e8s le mois de septembre pour les anciens archers et d\u00e8s leur adh\u00e9sion d\u00e9finitive pour les nouveaux qui devront se d\u00e9cider apr\u00e8s leur deuxi\u00e8me s\u00e9ance.<br \/>\nElle assure l\u2019adh\u00e9sion \u00e0 la FFTA et comprend l\u2019assurance responsabilit\u00e9 civile indispensable \u00e0 la<br \/>\npratique de ce sport.<\/p>\n<p>Elle peut s&rsquo;accompagner d\u2019une assurance responsabilit\u00e9 civile familiale ou individuelle.<\/p>\n<p>Le montant de la licence ne peut \u00eatre rembours\u00e9 en cas de d\u00e9part ou de d\u00e9mission.<\/p>\n<p>Pour une adh\u00e9sion post\u00e9rieure au mois de mars, la licence d\u00e9couverte se substitue \u00e0 la licence<br \/>\nannuelle mais ne permet pas de participer \u00e0 des comp\u00e9titions officielles. On ne peut y adh\u00e9rer qu&rsquo;une seule fois.<\/p>\n<p>La FFTA, apr\u00e8s avis de sa commission m\u00e9dicale, a valid\u00e9 la suppression du certificat m\u00e9dical. Elle<br \/>\na conserv\u00e9 le principe des questionnaires de sant\u00e9 qui ont \u00e9t\u00e9 adapt\u00e9s par ladite commission m\u00e9dicale dans le cadre de la d\u00e9livrance d&rsquo;une licence ou d\u2019un ATP. Pour les personnes majeures, en<br \/>\nrenseignant ce questionnaire, si vous r\u00e9pondez positivement \u00e0 l\u2019une des questions, vous devrez<br \/>\nprendre rendez-vous avec votre m\u00e9decin traitant pour obtenir un certificat m\u00e9dical de non-contre-<br \/>\nindication \u00e0 la pratique sportive y compris en comp\u00e9tition. Pour les personnes mineures, une<br \/>\nr\u00e9ponse positive \u00e0 au moins une des questions au questionnaire n\u00e9cessite une consultation m\u00e9dicale, muni dudit questionnaire, \u00e0 l\u2019issue de laquelle un CACI pourra \u00e9ventuellement \u00eatre d\u00e9livr\u00e9 et pr\u00e9sent\u00e9 \u00e0 la f\u00e9d\u00e9ration.<\/p>\n<p>L\u2019\u00e2ge minimun d\u2019admission au club est de huit ans \u00e0 la date d&rsquo;inscription.<\/p>\n<p><strong>COTISATION<\/strong><br \/>\nCelle-ci comprend la licence, l\u2019assurance et la part du club.<br \/>\nConform\u00e9ment \u00e0 la loi de 1901, la cotisation est payable d\u2019avance et pour l\u2019ann\u00e9e enti\u00e8re.<br \/>\nLe montant des cotisations annuelles est d\u00e9fini par le bureau et valid\u00e9 \u00e0 l&rsquo;AG.<br \/>\nLe paiement de cette cotisation pourra \u00eatre effectu\u00e9 en 3 fois maximum sous forme de 3 ch\u00e8ques<br \/>\n\u00e9tablis au nom des ARCHERS DU SOLEIL. Tout adh\u00e9rent doit \u00eatre \u00e0 jour de ses cotisations au 31<br \/>\nd\u00e9cembre de l&rsquo;ann\u00e9e en cours.<br \/>\nLa cotisation est payable spontan\u00e9ment, et le tr\u00e9sorier n\u2019a pas pour t\u00e2che de qu\u00e9mander les paiements.<br \/>\nTout retard abusif pourra \u00eatre sanctionn\u00e9 par l\u2019exclusion du club.<\/p>\n<p><strong>MAT\u00c9RIEL<\/strong><br \/>\nTout archer doit disposer du mat\u00e9riel n\u00e9cessaire pour pratiquer le tir \u00e0 l&rsquo;arc.<br \/>\nPour les nouveaux adh\u00e9rents, le petit mat\u00e9riel tel que: palette, prot\u00e8ge bras, carquois, dragonne et fl\u00e8ches devra \u00eatre acquis dans le premier trimestre de la prise de la licence.<\/p>\n<p>Les arcs d&rsquo;initiation et de progression peuvent \u00eatre lou\u00e9s par le club. Les adultes d\u00e9butants peuvent louer un arc uniquement durant leur premi\u00e8re ann\u00e9e d\u2019adh\u00e9sion. \u00c0 partir de la deuxi\u00e8me ann\u00e9e, ils doivent disposer de leur propre arc personnel.<\/p>\n<p><strong>3. TENUE DE CLUB<\/strong><\/p>\n<p>Il n&rsquo;y a pas d&rsquo;obligation pour la tenue des archers lors des entra\u00eenements et des cours.<br \/>\nUne tenue correcte est cependant demand\u00e9e : chaussures de sport, \u00e9viter les v\u00eatements trop larges et trop amples au niveau des manches et du torse (ils risquent en effet de g\u00eaner l&rsquo;archer dans ses mouvements). De plus, le port des \u00e9quipements de protection est tr\u00e8s fortement recommand\u00e9.<br \/>\nLors des comp\u00e9titions est exig\u00e9e la tenue du club ou une tenue blanche.<\/p>\n<p><strong>4. COMP\u00c9TITIONS<\/strong><\/p>\n<p>Tout archer s\u2019engageant sur des comp\u00e9titions se doit d\u2019honorer le club de par son comportement<br \/>\nexemplaire.<\/p>\n<p>L\u2019engagement \u00e0 une comp\u00e9tition doit \u00eatre honor\u00e9. Si l\u2019archer ne peut participer \u00e0 une comp\u00e9tition \u00e0 laquelle il s\u2019\u00e9tait engag\u00e9, il se doit de pr\u00e9venir le club organisateur.<\/p>\n<p><strong>5. DISCIPLINE SUR LE PAS DE TIR ET R\u00c8GLES DE S\u00c9CURIT\u00c9<\/strong><\/p>\n<p>Les archers devront avoir une attitude correcte et respectueuse, notre activit\u00e9 demandant<br \/>\nconcentration et calme.<\/p>\n<p>Les archers devront respecter les consignes de s\u00e9curit\u00e9. Tout manquement \u00e0 cette r\u00e8gle pourra faire l\u2019objet de sanctions qui seront \u00e9tablies et d\u00e9battues lors d\u2019une r\u00e9union du Conseil d&rsquo;Administration avec l\u2019int\u00e9ress\u00e9. En cas d\u2019exclusion d\u00e9finitive, la cotisation ne sera pas rembours\u00e9e.<\/p>\n<p>Toute conduite dangereuse pour soi ou pour les autres pourra \u00eatre sanctionn\u00e9e: mat\u00e9riel non<br \/>\nhomologu\u00e9, tirs crois\u00e9s, tir en hauteur \u2026<\/p>\n<p>Le responsable de pas de tir (pr\u00e9sent \u00e0 chaque s\u00e9ance) ne peut \u00eatre qu&rsquo;un entra\u00eeneur dipl\u00f4m\u00e9 ou un<br \/>\nmembre du Conseil d&rsquo;Administration. Il d\u00e9termine le rythme et assure la s\u00e9curit\u00e9.<\/p>\n<p>Apr\u00e8s chaque entra\u00eenement, l\u2019archer devra ranger le mat\u00e9riel utilis\u00e9 (blason, mat\u00e9riel p\u00e9dagogique, etc\u2026) et participer au d\u00e9montage du filet ainsi qu\u2019au rangement des murs de tir.<\/p>\n<p>L\u2019acc\u00e8s aux infrastructures du club, d\u2019une mani\u00e8re ponctuelle pour des licenci\u00e9s FFTA non adh\u00e9rents du club, de passage et d\u00e9sirant poursuivre leurs entra\u00eenements lors de leur s\u00e9jour \u00e0 Frontignan pourra \u00eatre envisag\u00e9 suivant les disponibilit\u00e9s des responsables.<\/p>\n<p><strong>6. LES ENTRA\u00ceNEMENTS<\/strong><\/p>\n<p>Les jours et les horaires (salle ou terrain) seront d\u00e9finis en d\u00e9but de saison par le bureau. Ils peuvent \u00eatre modifiables selon le d\u00e9roulement de la saison et l\u2019\u00e9volution de l\u2019archer.<\/p>\n<p>Le pr\u00e9sent r\u00e8glement int\u00e9rieur peut \u00eatre modifi\u00e9 lors de l\u2019Assembl\u00e9e G\u00e9n\u00e9rale annuelle<br \/>\napr\u00e8s une demande pr\u00e9alable, 21 jours avant ladite assembl\u00e9e.<\/p>\n<p>Valid\u00e9 \u00e0 l&rsquo;AG du 18 octobre 2025<\/p>\n<p>Mme Yolande COMMUNAUDAT<br \/>\nPr\u00e9sidente<\/p>\n<p class=\"Normal-P-P0\"><span class=\"Normal-C-C3\"> <a href=\"https:\/\/archersdusoleilfrontignan.fr\/cms\/informations\/\"><img loading=\"lazy\" decoding=\"async\" class=\"alignnone size-full wp-image-102\" src=\"https:\/\/archersdusoleilfrontignan.fr\/cms\/wp-content\/uploads\/retour.png\" alt=\"\" width=\"149\" height=\"20\" \/><\/a><\/span><\/p>\n","protected":false},"excerpt":{"rendered":"<p>R\u00c8GLEMENT INT\u00c9RIEUR PR\u00c9AMBULE Chaque membre prenant une licence dans notre club est tenu de respecter notre r\u00e8glement int\u00e9rieur. 1. G\u00c9N\u00c9RALIT\u00c9S Le r\u00e8glement int\u00e9rieur pr\u00e9cise les points particuliers de fonctionnement et de discipline que les adh\u00e9rents doivent accepter sans restriction en&hellip;&nbsp;<a href=\"https:\/\/archersdusoleilfrontignan.fr\/cms\/informations\/reglement-interieur\/\" class=\"more-link\">Lire la suite<\/a><\/p>\n","protected":false},"author":1,"featured_media":0,"parent":37,"menu_order":3,"comment_status":"closed","ping_status":"closed","template":"","meta":{"footnotes":""},"class_list":["post-56","page","type-page","status-publish","hentry"],"_links":{"self":[{"href":"https:\/\/archersdusoleilfrontignan.fr\/cms\/wp-json\/wp\/v2\/pages\/56","targetHints":{"allow":["GET"]}}],"collection":[{"href":"https:\/\/archersdusoleilfrontignan.fr\/cms\/wp-json\/wp\/v2\/pages"}],"about":[{"href":"https:\/\/archersdusoleilfrontignan.fr\/cms\/wp-json\/wp\/v2\/types\/page"}],"author":[{"embeddable":true,"href":"https:\/\/archersdusoleilfrontignan.fr\/cms\/wp-json\/wp\/v2\/users\/1"}],"replies":[{"embeddable":true,"href":"https:\/\/archersdusoleilfrontignan.fr\/cms\/wp-json\/wp\/v2\/comments?post=56"}],"version-history":[{"count":9,"href":"https:\/\/archersdusoleilfrontignan.fr\/cms\/wp-json\/wp\/v2\/pages\/56\/revisions"}],"predecessor-version":[{"id":978,"href":"https:\/\/archersdusoleilfrontignan.fr\/cms\/wp-json\/wp\/v2\/pages\/56\/revisions\/978"}],"up":[{"embeddable":true,"href":"https:\/\/archersdusoleilfrontignan.fr\/cms\/wp-json\/wp\/v2\/pages\/37"}],"wp:attachment":[{"href":"https:\/\/archersdusoleilfrontignan.fr\/cms\/wp-json\/wp\/v2\/media?parent=56"}],"curies":[{"name":"wp","href":"https:\/\/api.w.org\/{rel}","templated":true}]}}