{"id":52,"date":"2024-07-04T12:10:33","date_gmt":"2024-07-04T10:10:33","guid":{"rendered":"https:\/\/archersdusoleilfrontignan.fr\/cms\/?page_id=52"},"modified":"2025-10-27T10:17:27","modified_gmt":"2025-10-27T09:17:27","slug":"organigramme","status":"publish","type":"page","link":"https:\/\/archersdusoleilfrontignan.fr\/cms\/informations\/organigramme\/","title":{"rendered":"ORGANIGRAMME &#038; MISSIONS"},"content":{"rendered":"<p><img loading=\"lazy\" decoding=\"async\" class=\"alignnone size-full wp-image-472\" src=\"https:\/\/archersdusoleilfrontignan.fr\/cms\/wp-content\/uploads\/titreOrga.png\" alt=\"\" width=\"365\" height=\"57\" srcset=\"https:\/\/archersdusoleilfrontignan.fr\/cms\/wp-content\/uploads\/titreOrga.png 365w, https:\/\/archersdusoleilfrontignan.fr\/cms\/wp-content\/uploads\/titreOrga-300x47.png 300w, https:\/\/archersdusoleilfrontignan.fr\/cms\/wp-content\/uploads\/titreOrga-360x56.png 360w\" sizes=\"auto, (max-width: 365px) 100vw, 365px\" \/><\/p>\n<hr \/>\n<p><img loading=\"lazy\" decoding=\"async\" class=\"alignnone size-full wp-image-980\" src=\"https:\/\/archersdusoleilfrontignan.fr\/cms\/wp-content\/uploads\/orga2025-e1760963286846.jpg\" alt=\"\" width=\"816\" height=\"500\" \/><\/p>\n<hr \/>\n<h2>Missions des b\u00e9n\u00e9voles<\/h2>\n<p style=\"padding-left: 40px;\"><span style=\"text-decoration: underline;\"><span style=\"color: #0000ff;\"><strong><a style=\"color: #0000ff; text-decoration: underline;\" href=\"https:\/\/archersdusoleilfrontignan.fr\/cms\/wp-content\/uploads\/MissionsBene2024.pdf\" target=\"_blank\" rel=\"noopener\"><span style=\"color: #0000ff; text-decoration: underline;\"><img loading=\"lazy\" decoding=\"async\" class=\"size-full wp-image-84 alignleft\" src=\"https:\/\/archersdusoleilfrontignan.fr\/cms\/wp-content\/uploads\/logoPdf.png\" alt=\"\" width=\"60\" height=\"68\" \/><\/span><\/a><\/strong><\/span><\/span><span style=\"text-decoration: underline;\"><span style=\"color: #0000ff;\"><strong><a style=\"color: #0000ff; text-decoration: underline;\" href=\"https:\/\/archersdusoleilfrontignan.fr\/cms\/wp-content\/uploads\/MissionsBene2025.pdf\" target=\"_blank\" rel=\"noopener\"><span style=\"color: #0000ff; text-decoration: underline;\">Voir le document PDF<\/span><\/a><br \/>\n<\/strong><\/span><\/span>(<em>Nouvelle fen\u00eatre<\/em>)<\/p>\n<p>&nbsp;<\/p>\n<p>&nbsp;<\/p>\n<p><a href=\"https:\/\/archersdusoleilfrontignan.fr\/cms\/informations\/\"><img loading=\"lazy\" decoding=\"async\" class=\"alignnone size-full wp-image-102\" src=\"https:\/\/archersdusoleilfrontignan.fr\/cms\/wp-content\/uploads\/retour.png\" alt=\"\" width=\"149\" height=\"20\" \/><\/a><\/p>\n","protected":false},"excerpt":{"rendered":"<p>Missions des b\u00e9n\u00e9voles Voir le document PDF (Nouvelle fen\u00eatre) &nbsp; &nbsp;<\/p>\n","protected":false},"author":1,"featured_media":0,"parent":37,"menu_order":3,"comment_status":"closed","ping_status":"closed","template":"","meta":{"footnotes":""},"class_list":["post-52","page","type-page","status-publish","hentry"],"_links":{"self":[{"href":"https:\/\/archersdusoleilfrontignan.fr\/cms\/wp-json\/wp\/v2\/pages\/52","targetHints":{"allow":["GET"]}}],"collection":[{"href":"https:\/\/archersdusoleilfrontignan.fr\/cms\/wp-json\/wp\/v2\/pages"}],"about":[{"href":"https:\/\/archersdusoleilfrontignan.fr\/cms\/wp-json\/wp\/v2\/types\/page"}],"author":[{"embeddable":true,"href":"https:\/\/archersdusoleilfrontignan.fr\/cms\/wp-json\/wp\/v2\/users\/1"}],"replies":[{"embeddable":true,"href":"https:\/\/archersdusoleilfrontignan.fr\/cms\/wp-json\/wp\/v2\/comments?post=52"}],"version-history":[{"count":22,"href":"https:\/\/archersdusoleilfrontignan.fr\/cms\/wp-json\/wp\/v2\/pages\/52\/revisions"}],"predecessor-version":[{"id":987,"href":"https:\/\/archersdusoleilfrontignan.fr\/cms\/wp-json\/wp\/v2\/pages\/52\/revisions\/987"}],"up":[{"embeddable":true,"href":"https:\/\/archersdusoleilfrontignan.fr\/cms\/wp-json\/wp\/v2\/pages\/37"}],"wp:attachment":[{"href":"https:\/\/archersdusoleilfrontignan.fr\/cms\/wp-json\/wp\/v2\/media?parent=52"}],"curies":[{"name":"wp","href":"https:\/\/api.w.org\/{rel}","templated":true}]}}