{"id":45,"date":"2024-07-04T11:53:18","date_gmt":"2024-07-04T09:53:18","guid":{"rendered":"https:\/\/archersdusoleilfrontignan.fr\/cms\/?page_id=45"},"modified":"2026-03-27T16:40:23","modified_gmt":"2026-03-27T15:40:23","slug":"lieux-horaires","status":"publish","type":"page","link":"https:\/\/archersdusoleilfrontignan.fr\/cms\/informations\/lieux-horaires\/","title":{"rendered":"LIEUX &#038; HORAIRES"},"content":{"rendered":"<p><img loading=\"lazy\" decoding=\"async\" class=\"alignnone size-full wp-image-466\" src=\"https:\/\/archersdusoleilfrontignan.fr\/cms\/wp-content\/uploads\/titreLieu.png\" alt=\"\" width=\"283\" height=\"48\" \/><\/p>\r\n<hr \/>\r\n<p>Cliquer sur le logo \u00ab\u00a0PDF\u00a0\u00bb pour ouvrir le document recherch\u00e9.<\/p>\r\n\r\n<table style=\"width: 50%;\">\r\n<tbody>\r\n<tr>\r\n<td class=\"has-text-align-center\" style=\"text-align: left;\" data-align=\"center\">Horaires saison salle 2025\/2026<\/td>\r\n<td class=\"has-text-align-center\" data-align=\"center\"><a href=\"https:\/\/archersdusoleilfrontignan.fr\/cms\/wp-content\/uploads\/2025-2026PlanningSalleV1.pdf\" target=\"_blank\" rel=\"noopener\"><img loading=\"lazy\" decoding=\"async\" class=\"aligncenter\" src=\"https:\/\/archersdusoleilfrontignan.fr\/cms\/wp-content\/uploads\/logoPdf.png\" alt=\"\" width=\"60\" height=\"68\" \/><\/a><\/td>\r\n<\/tr>\r\n<tr>\r\n<td class=\"has-text-align-center\" style=\"text-align: left;\" data-align=\"center\">Horaires terrain\u00a0 et salles apr\u00e8s le 1er avril 2026<\/td>\r\n<td class=\"has-text-align-center\" style=\"text-align: center;\" data-align=\"center\"><a href=\"https:\/\/archersdusoleilfrontignan.fr\/cms\/wp-content\/uploads\/2026TerrainSalleV1.pdf\" target=\"_blank\" rel=\"noopener\"><img loading=\"lazy\" decoding=\"async\" class=\"aligncenter\" src=\"https:\/\/archersdusoleilfrontignan.fr\/cms\/wp-content\/uploads\/logoPdf.png\" alt=\"\" width=\"60\" height=\"68\" \/><\/a><\/td>\r\n<\/tr>\r\n<tr>\r\n<td class=\"has-text-align-center\" style=\"text-align: left;\" data-align=\"center\">R\u00c8GLES IMPORTANTES A RESPECTER DANS LES S\u00c9ANCES AU TERRAIN<\/td>\r\n<td class=\"has-text-align-center\" style=\"text-align: center;\" data-align=\"center\"><a href=\"https:\/\/archersdusoleilfrontignan.fr\/cms\/wp-content\/uploads\/2026InfosTerrain.pdf\" target=\"_blank\" rel=\"noopener\"><img loading=\"lazy\" decoding=\"async\" class=\"aligncenter\" src=\"https:\/\/archersdusoleilfrontignan.fr\/cms\/wp-content\/uploads\/logoPdf.png\" alt=\"\" width=\"60\" height=\"68\" \/><\/a><\/td>\r\n<\/tr>\r\n<\/tbody>\r\n<\/table>\r\n<p><strong>La saison en salle<\/strong> se d\u00e9roule <em><strong>Salle des Sports Alexandre Soubrier<\/strong><\/em><br \/>Espace Jean Paglia<br \/>2 avenue des Carri\u00e8res<br \/>34110 Frontignan<\/p>\r\n<p><iframe loading=\"lazy\" style=\"border: 0;\" src=\"https:\/\/www.google.com\/maps\/embed?pb=!1m18!1m12!1m3!1d724.1331841931113!2d3.755184999999989!3d43.449474!2m3!1f0!2f0!3f0!3m2!1i1024!2i768!4f13.1!3m3!1m2!1s0x0%3A0x0!2zNDPCsDI2JzU4LjEiTiAzwrA0NScxOC43IkU!5e0!3m2!1sfr!2sfr!4v1440997340586\" width=\"400\" height=\"300\" frameborder=\"0\" allowfullscreen=\"allowfullscreen\"><\/iframe><\/p>\r\n<p>Coordonn\u00e9es GPS :<\/p>\r\n<p>Degr\u00e9s, minutes et secondes (DMS) =&gt; <strong>43\u00b0 26&prime; 58.1\u00a0\u00bb N &#8211; 3\u00b0 45&prime; 18.7\u00a0\u00bb E<\/strong><\/p>\r\n<p>Degr\u00e9s d\u00e9cimaux (DD) =&gt; <strong>43.44 9474 &#8211; 3.755185<\/strong><\/p>\r\n<p><img loading=\"lazy\" decoding=\"async\" class=\"alignnone size-full wp-image-118\" src=\"https:\/\/archersdusoleilfrontignan.fr\/cms\/wp-content\/uploads\/Soubrier1.jpg\" alt=\"\" width=\"293\" height=\"220\" \/> <img loading=\"lazy\" decoding=\"async\" class=\"alignnone size-full wp-image-119\" src=\"https:\/\/archersdusoleilfrontignan.fr\/cms\/wp-content\/uploads\/Soubrier2.jpg\" alt=\"\" width=\"293\" height=\"220\" \/><\/p>\r\n<hr \/>\r\n<p><strong>La saison en ext\u00e9rieur <\/strong>se d\u00e9roule <em><strong>Aire de loisirs<\/strong><\/em><br \/>Avenue du 81\u00e8me R\u00e9giment d&rsquo;Infanterie<br \/>34110 Frontignan<\/p>\r\n<p><iframe loading=\"lazy\" style=\"border: 0;\" src=\"https:\/\/www.google.com\/maps\/embed?pb=!1m18!1m12!1m3!1d2896.933817269207!2d3.760465511917116!3d43.44109819998364!2m3!1f0!2f0!3f0!3m2!1i1024!2i768!4f13.1!3m3!1m2!1s0x12b6b540a3761893%3A0x54837e1dd64656b2!2sAvenue+81EME+R%C3%A9giment+d'Infanterie%2C+34110+Frontignan!5e0!3m2!1sfr!2sfr!4v1441002177862\" width=\"400\" height=\"300\" frameborder=\"0\" allowfullscreen=\"allowfullscreen\"><\/iframe><\/p>\r\n<p>Coordonn\u00e9es GPS :<\/p>\r\n<p>Degr\u00e9s, minutes et secondes (DMS) =&gt; <strong>43\u00b0 26&prime; 29.4\u00a0\u00bb N &#8211; 3\u00b0 45&prime; 31.8\u00a0\u00bb E<\/strong><\/p>\r\n<p>Degr\u00e9s d\u00e9cimaux (DD) =&gt; <strong>43.44 1488 &#8211; 3.758819<\/strong><\/p>\r\n<p><img loading=\"lazy\" decoding=\"async\" class=\"alignnone size-full wp-image-126\" src=\"https:\/\/archersdusoleilfrontignan.fr\/cms\/wp-content\/uploads\/exterieur1.jpg\" alt=\"\" width=\"253\" height=\"190\" \/> <img loading=\"lazy\" decoding=\"async\" class=\"alignnone size-full wp-image-127\" src=\"https:\/\/archersdusoleilfrontignan.fr\/cms\/wp-content\/uploads\/exterieur2.jpg\" alt=\"\" width=\"247\" height=\"170\" \/> <img loading=\"lazy\" decoding=\"async\" class=\"alignnone size-full wp-image-128\" src=\"https:\/\/archersdusoleilfrontignan.fr\/cms\/wp-content\/uploads\/exterieur3.jpg\" alt=\"\" width=\"248\" height=\"186\" \/><\/p>\r\n<p><a href=\"https:\/\/archersdusoleilfrontignan.fr\/cms\/informations\/\" rel=\"noopener\"><img loading=\"lazy\" decoding=\"async\" class=\"alignnone size-full wp-image-102\" src=\"https:\/\/archersdusoleilfrontignan.fr\/cms\/wp-content\/uploads\/retour.png\" alt=\"\" width=\"149\" height=\"20\" \/><\/a><\/p>\r\n<p><\/p>","protected":false},"excerpt":{"rendered":"<p>Cliquer sur le logo \u00ab\u00a0PDF\u00a0\u00bb pour ouvrir le document recherch\u00e9. Horaires saison salle 2025\/2026 Horaires terrain\u00a0 et salles apr\u00e8s le 1er avril 2026 R\u00c8GLES IMPORTANTES A RESPECTER DANS LES S\u00c9ANCES AU TERRAIN La saison en salle se d\u00e9roule Salle des&hellip;&nbsp;<a href=\"https:\/\/archersdusoleilfrontignan.fr\/cms\/informations\/lieux-horaires\/\" class=\"more-link\">Lire la suite<\/a><\/p>\n","protected":false},"author":1,"featured_media":0,"parent":37,"menu_order":2,"comment_status":"closed","ping_status":"closed","template":"","meta":{"footnotes":""},"class_list":["post-45","page","type-page","status-publish","hentry"],"_links":{"self":[{"href":"https:\/\/archersdusoleilfrontignan.fr\/cms\/wp-json\/wp\/v2\/pages\/45","targetHints":{"allow":["GET"]}}],"collection":[{"href":"https:\/\/archersdusoleilfrontignan.fr\/cms\/wp-json\/wp\/v2\/pages"}],"about":[{"href":"https:\/\/archersdusoleilfrontignan.fr\/cms\/wp-json\/wp\/v2\/types\/page"}],"author":[{"embeddable":true,"href":"https:\/\/archersdusoleilfrontignan.fr\/cms\/wp-json\/wp\/v2\/users\/1"}],"replies":[{"embeddable":true,"href":"https:\/\/archersdusoleilfrontignan.fr\/cms\/wp-json\/wp\/v2\/comments?post=45"}],"version-history":[{"count":35,"href":"https:\/\/archersdusoleilfrontignan.fr\/cms\/wp-json\/wp\/v2\/pages\/45\/revisions"}],"predecessor-version":[{"id":1088,"href":"https:\/\/archersdusoleilfrontignan.fr\/cms\/wp-json\/wp\/v2\/pages\/45\/revisions\/1088"}],"up":[{"embeddable":true,"href":"https:\/\/archersdusoleilfrontignan.fr\/cms\/wp-json\/wp\/v2\/pages\/37"}],"wp:attachment":[{"href":"https:\/\/archersdusoleilfrontignan.fr\/cms\/wp-json\/wp\/v2\/media?parent=45"}],"curies":[{"name":"wp","href":"https:\/\/api.w.org\/{rel}","templated":true}]}}