{"id":395,"date":"2024-12-18T17:37:40","date_gmt":"2024-12-18T16:37:40","guid":{"rendered":"https:\/\/archersdusoleilfrontignan.fr\/cms\/?page_id=395"},"modified":"2024-12-26T11:56:34","modified_gmt":"2024-12-26T10:56:34","slug":"partenaires","status":"publish","type":"page","link":"https:\/\/archersdusoleilfrontignan.fr\/cms\/partenaires\/","title":{"rendered":"PARTENAIRES"},"content":{"rendered":"<p><img loading=\"lazy\" decoding=\"async\" class=\"alignnone size-full wp-image-524\" src=\"https:\/\/archersdusoleilfrontignan.fr\/cms\/wp-content\/uploads\/titrePartenaires.png\" alt=\"\" width=\"203\" height=\"46\" \/><\/p>\n<p><em>Cliquer sur les liens ou les logos pour ouvrir les sites des partenaires dans une nouvelle fen\u00eatre<\/em><\/p>\n<hr \/>\n<p><a href=\"http:\/\/www.ville-frontignan.fr\/\" target=\"_blank\" rel=\"noopener\"><img loading=\"lazy\" decoding=\"async\" class=\"size-full wp-image-401 aligncenter\" src=\"https:\/\/archersdusoleilfrontignan.fr\/cms\/wp-content\/uploads\/logoFrontignan.jpg\" alt=\"\" width=\"293\" height=\"128\" \/><\/a><\/p>\n<p style=\"text-align: center;\"><span style=\"text-decoration: underline;\"><span style=\"color: #0000ff;\"><strong><a style=\"color: #0000ff; text-decoration: underline;\" href=\"http:\/\/www.ville-frontignan.fr\/\" target=\"_blank\" rel=\"noopener\">Mairie de Frontignan la Peyrade<\/a><\/strong><\/span><\/span><\/p>\n<hr \/>\n<p><a href=\"http:\/\/www.cd34tirarc.com\/\" target=\"_blank\" rel=\"noopener\"><img loading=\"lazy\" decoding=\"async\" class=\"size-full wp-image-403 aligncenter\" src=\"https:\/\/archersdusoleilfrontignan.fr\/cms\/wp-content\/uploads\/Logo-CD34-tir-arc.jpg\" alt=\"\" width=\"240\" height=\"147\" \/><\/a><\/p>\n<p style=\"text-align: center;\"><a href=\"http:\/\/www.cd34tirarc.com\/\" target=\"_blank\" rel=\"noopener\"><span style=\"text-decoration: underline;\"><strong><span style=\"color: #0000ff; text-decoration: underline;\">Comit\u00e9 D\u00e9partemental de Tir \u00e0 l&rsquo;Arc de l&rsquo;H\u00e9rault<\/span><\/strong><\/span><\/a><\/p>\n<hr \/>\n<p><a href=\"https:\/\/arc-occitanie.fr\/\" target=\"_blank\" rel=\"noopener\"><img loading=\"lazy\" decoding=\"async\" class=\"size-full wp-image-405 aligncenter\" src=\"https:\/\/archersdusoleilfrontignan.fr\/cms\/wp-content\/uploads\/Logo-taOccitanie.png\" alt=\"\" width=\"200\" height=\"200\" srcset=\"https:\/\/archersdusoleilfrontignan.fr\/cms\/wp-content\/uploads\/Logo-taOccitanie.png 200w, https:\/\/archersdusoleilfrontignan.fr\/cms\/wp-content\/uploads\/Logo-taOccitanie-150x150.png 150w\" sizes=\"auto, (max-width: 200px) 100vw, 200px\" \/><\/a><\/p>\n<p style=\"text-align: center;\"><a href=\"https:\/\/arc-occitanie.fr\/\" target=\"_blank\" rel=\"noopener\"><span style=\"text-decoration: underline;\"><strong><span style=\"color: #0000ff; text-decoration: underline;\">Comit\u00e9 R\u00e9gional de Tir \u00e0 l&rsquo;Arc d&rsquo;Occitanie<\/span><\/strong><\/span><\/a><\/p>\n<hr \/>\n<p><a href=\"https:\/\/www.ffta.fr\/\" target=\"_blank\" rel=\"noopener\"><img loading=\"lazy\" decoding=\"async\" class=\"size-full wp-image-406 aligncenter\" src=\"https:\/\/archersdusoleilfrontignan.fr\/cms\/wp-content\/uploads\/logoFfta.png\" alt=\"\" width=\"355\" height=\"142\" srcset=\"https:\/\/archersdusoleilfrontignan.fr\/cms\/wp-content\/uploads\/logoFfta.png 355w, https:\/\/archersdusoleilfrontignan.fr\/cms\/wp-content\/uploads\/logoFfta-300x120.png 300w\" sizes=\"auto, (max-width: 355px) 100vw, 355px\" \/><\/a><\/p>\n<p style=\"text-align: center;\"><span style=\"text-decoration: underline;\"><strong><span style=\"color: #0000ff; text-decoration: underline;\"><a style=\"color: #0000ff; text-decoration: underline;\" href=\"https:\/\/www.ffta.fr\/\" target=\"_blank\" rel=\"noopener\">F\u00e9d\u00e9ration Fran\u00e7aise de Tir \u00e0 l&rsquo;Arc<\/a><\/span><\/strong><\/span><\/p>\n<hr \/>\n<p><a href=\"https:\/\/www.worldarchery.sport\/fr\" target=\"_blank\" rel=\"noopener\"><img loading=\"lazy\" decoding=\"async\" class=\"size-full wp-image-408 aligncenter\" src=\"https:\/\/archersdusoleilfrontignan.fr\/cms\/wp-content\/uploads\/logoWorldArchery.png\" alt=\"\" width=\"300\" height=\"110\" \/><\/a><\/p>\n<p style=\"text-align: center;\"><span style=\"text-decoration: underline; color: #0000ff;\"><strong><a style=\"color: #0000ff; text-decoration: underline;\" href=\"https:\/\/www.worldarchery.sport\/fr\" target=\"_blank\" rel=\"noopener\">World Archery<\/a><\/strong><\/span><\/p>\n","protected":false},"excerpt":{"rendered":"<p>Cliquer sur les liens ou les logos pour ouvrir les sites des partenaires dans une nouvelle fen\u00eatre Mairie de Frontignan la Peyrade Comit\u00e9 D\u00e9partemental de Tir \u00e0 l&rsquo;Arc de l&rsquo;H\u00e9rault Comit\u00e9 R\u00e9gional de Tir \u00e0 l&rsquo;Arc d&rsquo;Occitanie F\u00e9d\u00e9ration Fran\u00e7aise de&hellip;&nbsp;<a href=\"https:\/\/archersdusoleilfrontignan.fr\/cms\/partenaires\/\" class=\"more-link\">Lire la suite<\/a><\/p>\n","protected":false},"author":1,"featured_media":0,"parent":0,"menu_order":0,"comment_status":"closed","ping_status":"closed","template":"templates\/full-width.php","meta":{"footnotes":""},"class_list":["post-395","page","type-page","status-publish","hentry"],"_links":{"self":[{"href":"https:\/\/archersdusoleilfrontignan.fr\/cms\/wp-json\/wp\/v2\/pages\/395","targetHints":{"allow":["GET"]}}],"collection":[{"href":"https:\/\/archersdusoleilfrontignan.fr\/cms\/wp-json\/wp\/v2\/pages"}],"about":[{"href":"https:\/\/archersdusoleilfrontignan.fr\/cms\/wp-json\/wp\/v2\/types\/page"}],"author":[{"embeddable":true,"href":"https:\/\/archersdusoleilfrontignan.fr\/cms\/wp-json\/wp\/v2\/users\/1"}],"replies":[{"embeddable":true,"href":"https:\/\/archersdusoleilfrontignan.fr\/cms\/wp-json\/wp\/v2\/comments?post=395"}],"version-history":[{"count":13,"href":"https:\/\/archersdusoleilfrontignan.fr\/cms\/wp-json\/wp\/v2\/pages\/395\/revisions"}],"predecessor-version":[{"id":591,"href":"https:\/\/archersdusoleilfrontignan.fr\/cms\/wp-json\/wp\/v2\/pages\/395\/revisions\/591"}],"wp:attachment":[{"href":"https:\/\/archersdusoleilfrontignan.fr\/cms\/wp-json\/wp\/v2\/media?parent=395"}],"curies":[{"name":"wp","href":"https:\/\/api.w.org\/{rel}","templated":true}]}}